{"id":747,"date":"2022-03-14T11:42:04","date_gmt":"2022-03-14T11:42:04","guid":{"rendered":"https:\/\/www.gira.tech\/politica-de-cookies\/"},"modified":"2022-03-18T08:50:18","modified_gmt":"2022-03-18T08:50:18","slug":"politica-de-cookies","status":"publish","type":"page","link":"https:\/\/www.gira.tech\/es\/politica-de-cookies\/","title":{"rendered":"Pol\u00edtica de cookies"},"content":{"rendered":"\n<h2><strong>INFORMACI\u00d3N SOBRE COOKIES<\/strong><\/h2>\n\n<p>De acuerdo con la Ley 34\/2002, de 11 de julio, de servicios de la sociedad de la informaci\u00f3n y de comercio electr\u00f3nico (LSSI), en relaci\u00f3n con el Reglamento (UE) 2016\/679 del Parlamento Europeo y de Consejo, de 27 de abril de 2016, General de Protecci\u00f3n de Datos (GDPR) y la Ley Org\u00e1nica 3\/2018, de 5 de diciembre, de Protecci\u00f3n de Datos y Garant\u00eda de los Derechos Digitales (LOPDGDD), es obligado obtener el consentimiento expreso del usuario de todas las p\u00e1ginas web que utilizan cookies prescindibles, antes de que \u00e9ste navegue por ellas.<\/p>\n\n<h3><br\/><strong>\u00bfQU\u00c9 SON LAS COOKIES?<\/strong><\/h3>\n\n<p>Las <em>cookies<\/em> y otras tecnolog\u00edas similares como local shared objects, flash <em>cookies<\/em> o p\u00edxeles, son herramientas utilizadas por los servidores Web para almacenar y recuperar informaci\u00f3n sobre sus visitantes, as\u00ed como para ofrecer un correcto funcionamiento del sitio.<\/p>\n\n<p><br\/>Mediante el uso de estos dispositivos se permite al servidor Web recordar algunos datos referentes al usuario, como sus preferencias para la visualizaci\u00f3n de las p\u00e1ginas de ese servidor, nombre y contrase\u00f1a, productos que m\u00e1s le interesan, etc.<\/p>\n\n<h3><br\/><strong><em>COOKIES<\/em><\/strong> <strong>AFECTADAS POR LA NORMATIVA Y COOKIES EXCEPTUADAS<\/strong><\/h3>\n\n<p>Seg\u00fan la directiva de la UE, las <em>cookies<\/em> que requieren el consentimiento informado por parte del usuario son las <em>cookies<\/em> anal\u00edticas y las de publicidad y afiliaci\u00f3n, quedando exceptuadas las de car\u00e1cter t\u00e9cnico y las necesarias para el funcionamiento del sitio web o la prestaci\u00f3n de servicios expresamente solicitados por el usuario.<\/p>\n\n<h3><br\/><strong>TIPO DE COOKIES<\/strong><\/h3>\n\n<p><strong>SEG\u00daN LA FINALIDAD<\/strong><\/p>\n\n<ul><li><em><strong>Cookies<\/strong><\/em> <strong>t\u00e9cnicas y funcionales<\/strong> : son las que permiten al usuario navegar a trav\u00e9s de una p\u00e1gina web, plataforma o aplicaci\u00f3n y utilizar las diferentes opciones o servicios que haya <em>.<\/em><\/li><li><em><strong>Cookies<\/strong><\/em> <strong>de an\u00e1lisis<\/strong> : son las que permiten al responsable de \u00e9stas monitorizar y analizar el comportamiento de los usuarios de los sitios web a los que est\u00e1n vinculados. La informaci\u00f3n recogida mediante este tipo de <em>cookies<\/em> se utiliza en la medici\u00f3n de la actividad de los sitios web, aplicaci\u00f3n o plataforma y para elaborar perfiles de navegaci\u00f3n de los usuarios de estos sitios, aplicaciones y plataformas, a fin de introducir mejoras en funci\u00f3n del an\u00e1lisis de los datos uso que hacen los usuarios del servicio.<\/li><li><em><strong>Cookies<\/strong><\/em> <strong>publicitarias:<\/strong> son aquellas que permiten gestionar, de la forma m\u00e1s eficaz posible, los espacios publicitarios que, en su caso, el editor haya incluido en una p\u00e1gina web, aplicaci\u00f3n o plataforma desde la que presta el servicio solicitado seg\u00fan criterios como el contenido editado o la frecuencia en la que se muestran los anuncios.<\/li><li><em><strong>Cookies<\/strong><\/em> <strong>de publicidad comportamental<\/strong> : recogen informaci\u00f3n sobre las preferencias y elecciones personales del usuario ( <em>retargeting<\/em> ) para permitir gestionar, de la forma m\u00e1s eficaz posible, los espacios publicitarios que, en su caso, el editor haya incluido en una p\u00e1gina web, aplicaci\u00f3n o plataforma desde la que presta el servicio solicitado.<\/li><li><em><strong>Cookies<\/strong><\/em> <strong>sociales<\/strong> : son aquellas que han sido instaladas por las plataformas de redes sociales en los servicios para permitirle compartir contenido con sus amigos y redes. Las plataformas de medios sociales tienen la capacidad de rastrear su actividad online fuera de los Servicios. Esto puede afectar al contenido y mensajes que ve en otros servicios que visite.<\/li><li><em><strong>Cookies<\/strong><\/em> <strong>de afiliados<\/strong> : permiten realizar un seguimiento de las visitas procedentes de otras webs, con las que el sitio web establece un contrato de afiliaci\u00f3n (empresas de afiliaci\u00f3n).<\/li><li><em><strong>Cookies<\/strong><\/em> <strong>de seguridad<\/strong> : almacenan informaci\u00f3n cifrada para evitar que los datos que se guardan sean vulnerables a ataques maliciosos de terceros.<\/li><\/ul>\n<p><br\/><strong>SEG\u00daN LA PROPIEDAD<\/strong><\/p>\n\n<ul><li><em><strong>Cookies<\/strong><\/em> <strong>propias<\/strong> : son las que se env\u00edan al equipo terminal del usuario desde un equipo o dominio gestionado por el propio editor y desde el que se proporciona el servicio solicitado por el usuario.<\/li><li><em><strong>Cookies<\/strong><\/em> <strong>de terceros:<\/strong> son las que se env\u00edan al equipo terminal del usuario desde un equipo o dominio que no es gestionado por el editor, sino por otra entidad que trata los datos obtenidos mediante cookies.<\/li><\/ul>\n<p><br\/><strong>SEG\u00daN EL PLAZO DE CONSERVACI\u00d3N<\/strong><\/p>\n\n<ul><li><em><strong>Cookies<\/strong><\/em> <strong>de sesi\u00f3n:<\/strong> son un tipo de <em>cookies<\/em> dise\u00f1adas para obtener y almacenar datos mientras el usuario accede a una p\u00e1gina web.<\/li><li><em><strong>Cookies<\/strong><\/em> <strong>persistentes:<\/strong> son un tipo de cookies en las que los datos siguen almacenados en el terminal y pueden ser accedidos y tratados durante un per\u00edodo definido por el responsable de la <em>cookie<\/em> , y que durar desde unos minutos a varios a\u00f1os.<\/li><\/ul>\n<h3><br\/><strong>TRATAMIENTO DE DATOS PERSONALES<\/strong><\/h3>\n\n<p>Giratech Consulting SL es el <strong>Responsable del tratamiento<\/strong> de los datos personales del <strong>Interesado<\/strong> y le informa que estos datos se tratar\u00e1n de conformidad con lo establecido en el Reglamento (UE) 2016\/679, de 27 de abril de 2016 (GDPR) , por lo que se le facilita la siguiente informaci\u00f3n del tratamiento:<\/p>\n\n<p><strong>Finalidades del tratamiento:<\/strong> seg\u00fan se especifica en el apartado de <em>cookies<\/em> que se utilizan en este sitio web.<\/p>\n\n<p><strong>Legitimaci\u00f3n del tratamiento<\/strong> : salvo en los casos en que resulte necesario para la navegaci\u00f3n por la web, por consentimiento del interesado (art. 6.1 GDPR).<\/p>\n\n<p><strong>Criterios de conservaci\u00f3n de los datos<\/strong> : seg\u00fan se especifica en el apartado de <em>cookies<\/em> utilizadas en la web.<\/p>\n\n<p><strong>Comunicaci\u00f3n de los datos<\/strong> : no se comunicar\u00e1n los datos a terceros, excepto en cookies propiedad de terceros o por obligaci\u00f3n legal.<\/p>\n\n<p><strong>Derechos que tiene el Interesado<\/strong> :<\/p>\n\n<p>&#8211; Derecho a retirar el consentimiento en cualquier momento.<br\/>Derecho de acceso, rectificaci\u00f3n, portabilidad y supresi\u00f3n de sus datos y de limitaci\u00f3n u oposici\u00f3n a su tratamiento.<br\/>&#8211; Derecho a presentar reclamaci\u00f3n ante la Autoridad de control (www.aepd.es) si considera que el tratamiento no se ajusta a la normativa vigente.<\/p>\n\n<p><strong>Datos de contacto para ejercer sus derechos:<\/strong><\/p>\n\n<p>Giratech Consulting SL.<strong> <\/strong>C\/ Muntaner, 6 Derecha &#8211; 17600 Figueres (Girona). E-mail: info@gira.tech<br\/><br\/><br\/><\/p>\n\n<h3><strong>COOKIES UTILIZADAS EN ESTE SITIO WEB<\/strong><\/h3>\n\n<h4>COOKIES CONTROLADAS POR EL EDITOR<\/h4>\n\n<h5>T\u00e9cnicas y funcional<\/h5>\n\n<figure class=\"wp-block-table\"><table><tbody><tr><td><strong>Propiedad<\/strong><\/td><td><strong>Cookie<\/strong><\/td><td><strong>Finalidad<\/strong><\/td><td><strong>Plazo<\/strong><\/td><\/tr><tr><td>gira.tech<\/td><td><strong>_ga_29RH9YW39S<\/strong><\/td><td>Cookie necesaria para la utilizaci\u00f3n de las opciones y servicios de la p\u00e1gina web<\/td><td>en 2 a\u00f1os<\/td><\/tr><tr><td>gira.tech<\/td><td><strong>_gat_gtag_UA_217406248_1<\/strong><\/td><td>Cookie necesaria para la utilizaci\u00f3n de las opciones y servicios de la p\u00e1gina web<\/td><td>Sesi\u00f3n<\/td><\/tr><tr><td>gira.tech<\/td><td><strong>cookielawinfo-checkbox-advertisement<\/strong><\/td><td>Cookie necesaria para la utilizaci\u00f3n de las opciones y servicios de la p\u00e1gina web<\/td><td>en un a\u00f1o<\/td><\/tr><tr><td>gira.tech<\/td><td><strong>cookielawinfo-checkbox-analytics<\/strong><\/td><td>Cookie necesaria para la utilizaci\u00f3n de las opciones y servicios de la p\u00e1gina web<\/td><td>en un a\u00f1o<\/td><\/tr><tr><td>gira.tech<\/td><td><strong>cookielawinfo-checkbox-functional<\/strong><\/td><td>Cookie necesaria para la utilizaci\u00f3n de las opciones y servicios de la p\u00e1gina web<\/td><td>en un a\u00f1o<\/td><\/tr><tr><td>gira.tech<\/td><td><strong>cookielawinfo-checkbox-necessary<\/strong><\/td><td>Cookie necesaria para la utilizaci\u00f3n de las opciones y servicios de la p\u00e1gina web<\/td><td>en un a\u00f1o<\/td><\/tr><tr><td>gira.tech<\/td><td><strong>cookielawinfo-checkbox-others<\/strong><\/td><td>Cookie necesaria para la utilizaci\u00f3n de las opciones y servicios de la p\u00e1gina web<\/td><td>en un a\u00f1o<\/td><\/tr><tr><td>gira.tech<\/td><td><strong>cookielawinfo-checkbox-performance<\/strong><\/td><td>Cookie necesaria para la utilizaci\u00f3n de las opciones y servicios de la p\u00e1gina web<\/td><td>en un a\u00f1o<\/td><\/tr><tr><td>gira.tech<\/td><td><strong>CookieLawInfoConsent<\/strong><\/td><td>Cookie necesaria para la utilizaci\u00f3n de las opciones y servicios de la p\u00e1gina web<\/td><td>en un a\u00f1o<\/td><\/tr><tr><td>gira.tech<\/td><td><strong>viewed_cookie_policy<\/strong><\/td><td>Se utiliza para recordar sus preferencias en cuanto a la Pol\u00edtica de Cookies establecida<\/td><td>en un a\u00f1o<\/td><\/tr><tr><td>gira.tech<\/td><td><strong>wp-wpml_current_language<\/strong><\/td><td>Cookie necesaria para la utilizaci\u00f3n de las opciones y servicios de la p\u00e1gina web<\/td><td>en 17 d\u00edas<\/td><\/tr><\/tbody><\/table><\/figure>\n<h5>Anal\u00edticas<\/h5>\n\n<figure class=\"wp-block-table\"><table><tbody><tr><td><strong>Propiedad<\/strong><\/td><td><strong>Cookie<\/strong><\/td><td><strong>Finalidad<\/strong><\/td><td><strong>Plazo<\/strong><\/td><\/tr><tr><td>gira.tech<\/td><td><strong>_ga<\/strong><\/td><td>ID se utiliza para identificar a los usuarios<\/td><td>en 2 a\u00f1os<\/td><\/tr><tr><td>gira.tech<\/td><td><strong>_gid<\/strong><\/td><td>ID se utiliza para identificar a los usuarios durante 24 horas despu\u00e9s de la \u00faltima actividad<\/td><td>en 22 horas<\/td><\/tr><\/tbody><\/table><\/figure>\n<h4>COOKIES DE TERCEROS<\/h4>\n\n<p>Los servicios de terceros son ajenos al control del editor. Los proveedores pueden modificar en cualquier momento sus condiciones de servicio, finalidad y uso de cookies, etc.<\/p>\n\n<p><strong>Proveedores externos de este sitio web:<\/strong><\/p>\n\n<figure class=\"wp-block-table\"><table><tbody><tr><td><strong>Editor<\/strong><\/td><td><strong>Pol\u00edtica de privacidad<\/strong> <a href=\"https:\/\/privacy.google.com\/take-control.html\" target=\"_blank\" rel=\"noreferrer noopener\">Google Analytics<\/a><\/td><\/tr><tr><td>Google Analytics<\/td><td><a href=\"https:\/\/privacy.google.com\/take-control.html\" target=\"_blank\" rel=\"noreferrer noopener\">https:\/\/privacy.google.com\/take-control.html<\/a><\/td><\/tr><\/tbody><\/table><\/figure>\n<p><\/p>\n\n<p><\/p>\n\n<h3>PANEL DE CONFIGURACI\u00d3N DE COOKIES<\/h3>\n\n<p>Desde este panel puede configurar las cookies que el sitio web puede instalar en su navegador, excepto las cookies t\u00e9cnicas o funcionales que son necesarias para la navegaci\u00f3n y utilizaci\u00f3n de las diferentes opciones o servicios que se ofrecen.<\/p>\n\n<p>Panel de cookies<\/p>\n\n<figure class=\"wp-block-table is-style-stripes\"><table><tbody><tr><td><strong>C\u00d3MO GESTIONAR LAS COOKIES DESDE EL NAVEGADOR<\/strong><\/td><\/tr><tr><td><strong>Eliminar las cookies del dispositivo<\/strong><\/td><td>Las cookies que ya se encuentran en un dispositivo se pueden eliminar borrando el historial del navegador, de forma que se suprimen las cookies de todos los sitios web visitados.<br\/>Sin embargo, tambi\u00e9n puede perderse parte de la informaci\u00f3n guardada (por ejemplo, los datos de inicio de sesi\u00f3n o las preferencias de sitio web).<\/td><\/tr><tr><td><strong>Gestionar las cookies espec\u00edficas del sitio<\/strong><\/td><td>Para tener un control m\u00e1s preciso de las cookies espec\u00edficas de cada sitio, los usuarios pueden ajustar su configuraci\u00f3n de privacidad y cookies en el navegador.<\/td><\/tr><tr><td><strong>Bloquear las cookies<\/strong><\/td><td>Aunque la mayor\u00eda de los navegadores modernos se pueden configurar para evitar que se instalen cookies en los dispositivos, esto puede obligar a ajustar manualmente determinadas preferencias cada vez que se visite un sitio o p\u00e1gina. Algunos servicios y caracter\u00edsticas pueden no funcionar correctamente (por ejemplo, los inicios de sesi\u00f3n con perfil).<\/td><\/tr><\/tbody><\/table><\/figure>\n<figure class=\"wp-block-table is-style-stripes\"><table><tbody><tr><td><strong>C\u00d3MO ELIMINAR LAS COOKIES DE LOS NAVEGADORES M\u00c1S COMUNES<\/strong><\/td><\/tr><tr><td><strong>Chrome<\/strong><\/td><td><a href=\"http:\/\/support.google.com\/chrome\/answer\/95647?hl=es\" target=\"_blank\" rel=\"noreferrer noopener\">http:\/\/support.google.com\/chrome\/answer\/95647?hl=es<\/a><\/td><\/tr><tr><td><strong>Edge<\/strong><\/td><td><a href=\"https:\/\/support.microsoft.com\/es-es\/microsoft-edge\/eliminar-las-cookies-en-microsoft-edge-63947406-40ac-c3b8-57b9-2a946a29ae09\" target=\"_blank\" rel=\"noreferrer noopener\">https:\/\/support.microsoft.com\/es-es\/microsoft-edge\/eliminar-las-cookies-en-microsoft-edge-63947406-40ac-c3b8-57b9-2a946a29ae09<\/a><\/td><\/tr><tr><td><strong>Explorer<\/strong><\/td><td><a href=\"https:\/\/support.microsoft.com\/es-es\/help\/278835\/how-to-delete-cookie-files-in-internet-explorer\" target=\"_blank\" rel=\"noreferrer noopener\">https:\/\/support.microsoft.com\/es-es\/help\/278835\/how-to-delete-cookie-files-in-internet-explorer<\/a><\/td><\/tr><tr><td><strong>Firefox<\/strong><\/td><td><a href=\"https:\/\/www.mozilla.org\/es-ES\/privacy\/websites\/#cookies\">https:\/\/www.mozilla.org\/es-ES\/privacy\/websites\/#cookies<\/a><\/td><\/tr><tr><td><strong>Safari<\/strong><\/td><td><a href=\"https:\/\/support.apple.com\/es-es\/guide\/safari\/sfri11471\/mac\" target=\"_blank\" rel=\"noreferrer noopener\">https:\/\/support.apple.com\/es-es\/guide\/safari\/sfri11471\/mac<\/a><\/td><\/tr><tr><td><strong>Opera<\/strong><\/td><td><a href=\"https:\/\/help.opera.com\/en\/latest\/security-and-privacy\/#clearBrowsingData\">https:\/\/help.opera.com\/en\/latest\/security-and-privacy\/#clearBrowsingData<\/a><\/td><\/tr><\/tbody><\/table><\/figure>","protected":false},"excerpt":{"rendered":"<p>INFORMACI\u00d3N SOBRE COOKIES De acuerdo con la Ley 34\/2002, de 11 de julio, de servicios de la sociedad de la informaci\u00f3n y de comercio electr\u00f3nico (LSSI), en relaci\u00f3n con el Reglamento (UE) 2016\/679 del Parlamento Europeo y de Consejo, de 27 de abril de 2016, General de Protecci\u00f3n de Datos (GDPR) y la Ley Org\u00e1nica&hellip;&nbsp;<a href=\"https:\/\/www.gira.tech\/es\/politica-de-cookies\/\" class=\"\" rel=\"bookmark\">Leer m\u00e1s &raquo;<span class=\"screen-reader-text\">Pol\u00edtica de cookies<\/span><\/a><\/p>\n","protected":false},"author":1,"featured_media":0,"parent":0,"menu_order":0,"comment_status":"closed","ping_status":"open","template":"","meta":{"neve_meta_sidebar":"","neve_meta_container":"","neve_meta_enable_content_width":"","neve_meta_content_width":0,"neve_meta_title_alignment":"","neve_meta_author_avatar":"","neve_post_elements_order":"","neve_meta_disable_header":"","neve_meta_disable_footer":"","neve_meta_disable_title":"","_themeisle_gutenberg_block_has_review":false,"_ti_tpc_template_sync":false,"_ti_tpc_template_id":""},"_links":{"self":[{"href":"https:\/\/www.gira.tech\/es\/wp-json\/wp\/v2\/pages\/747"}],"collection":[{"href":"https:\/\/www.gira.tech\/es\/wp-json\/wp\/v2\/pages"}],"about":[{"href":"https:\/\/www.gira.tech\/es\/wp-json\/wp\/v2\/types\/page"}],"author":[{"embeddable":true,"href":"https:\/\/www.gira.tech\/es\/wp-json\/wp\/v2\/users\/1"}],"replies":[{"embeddable":true,"href":"https:\/\/www.gira.tech\/es\/wp-json\/wp\/v2\/comments?post=747"}],"version-history":[{"count":6,"href":"https:\/\/www.gira.tech\/es\/wp-json\/wp\/v2\/pages\/747\/revisions"}],"predecessor-version":[{"id":784,"href":"https:\/\/www.gira.tech\/es\/wp-json\/wp\/v2\/pages\/747\/revisions\/784"}],"wp:attachment":[{"href":"https:\/\/www.gira.tech\/es\/wp-json\/wp\/v2\/media?parent=747"}],"curies":[{"name":"wp","href":"https:\/\/api.w.org\/{rel}","templated":true}]}}