{"id":731,"date":"2022-03-14T10:39:47","date_gmt":"2022-03-14T10:39:47","guid":{"rendered":"https:\/\/www.gira.tech\/politica-de-privacidad\/"},"modified":"2022-03-18T08:38:15","modified_gmt":"2022-03-18T08:38:15","slug":"politica-de-privacidad","status":"publish","type":"page","link":"https:\/\/www.gira.tech\/es\/politica-de-privacidad\/","title":{"rendered":"Pol\u00edtica de privacidad"},"content":{"rendered":"\n<h3>1. INFORMACI\u00d3N PARA EL USUARIO<\/h3>\n\n<p><strong>\u00bfQui\u00e9n es el responsable del tratamiento de tus datos personales?<\/strong><br\/>Giratech Consulting SL es el RESPONSABLE del tratamiento de los datos personales del USUARIO y le informa que estos datos se tratar\u00e1n de conformidad con lo establecido en el Reglamento (UE) 2016\/679, de 27 de abril (GDPR), y la Ley Org\u00e1nica 3\/2018, de 5 de diciembre (LOPDGDD). <br\/><br\/><strong>\u00bfPara qu\u00e9 tratamos tus datos personales y por qu\u00e9 lo hacemos?<\/strong><br\/>Seg\u00fan el formulario donde hayamos obtenido sus datos personales, los trataremos de forma confidencial con el fin de establecer un posible contacto comercial.<br\/><br\/><strong>\u00bfDurante cu\u00e1nto tiempo guardaremos tus datos personales?<\/strong><br\/>Se conservar\u00e1n durante no m\u00e1s tiempo del necesario para mantener la finalidad del tratamiento o mientras haya prescripciones legales que dictaminen su custodia y cuando ya no sea necesario por este motivo, se suprimir\u00e1n con medidas de seguridad adecuadas para garantizar que los datos sean anonimizados o totalmente destruidas.<\/p>\n\n<p><strong>\u00bfA qui\u00e9n facilitamos sus datos personales?<\/strong><br\/>No se prev\u00e9 ninguna comunicaci\u00f3n de datos personales a terceros excepto si fuera necesario para el desarrollo y ejecuci\u00f3n de los fines del tratamiento, a nuestros proveedores de servicios relacionados con comunicaciones, con los que el RESPONSABLE ha formalizado los contratos de confidencialidad y de encargado de tratamiento exigidos por la normativa vigente de privacidad. <br\/><br\/><strong>\u00bfCu\u00e1les son tus derechos?<\/strong><br\/>Los derechos que tiene el USUARIO son:<\/p>\n\n<ul><li>Derecho a retirar el consentimiento en cualquier momento.<\/li><li>Derecho de acceso, rectificaci\u00f3n, portabilidad y supresi\u00f3n de sus datos y de limitaci\u00f3n u oposici\u00f3n a su tratamiento.<\/li><li>Derecho a presentar reclamaci\u00f3n ante la autoridad de control (www.aepd.es) si considera que el tratamiento no se ajusta a la normativa vigente.<\/li><\/ul>\n<p><strong>Datos de contacto para ejercer sus derechos:<\/strong><br\/>Giratech Consulting SL. C\/ Muntaner, 6 Derecha &#8211; 17600 Figueres (Girona). E-mail: info@gira.tech<\/p>\n\n<p><\/p>\n\n<h3>2. CAR\u00c1CTER OBLIGATORIO O FACULTATIVO DE LA INFORMACI\u00d3N FACILITADA POR EL USUARIO<\/h3>\n\n<p>Los USUARIOS, por medio de las casillas correspondientes y la introducci\u00f3n de datos en los campos, marcados con el asterisco (*) en el formulario de contacto o presentados en formularios de descarga, aceptan expresamente y de forma libre e inequ\u00edvoca, que sus datos son necesarios para atender su petici\u00f3n, por parte del prestamista, y que por tanto la inclusi\u00f3n de los datos en los campos restantes es voluntaria. El USUARIO garantiza que los datos personales facilitados al RESPONSABLE son ver\u00eddicos y se hace responsable de comunicar cualquier modificaci\u00f3n. <br\/><br\/>El RESPONSABLE informa que todos los datos solicitados a trav\u00e9s del sitio web son obligatorios, puesto que son necesarios para la prestaci\u00f3n de un servicio \u00f3ptimo al USUARIO. En caso de que no se faciliten todos los datos, no se garantiza que la informaci\u00f3n y servicios facilitados se ajusten por completo a sus necesidades.<\/p>\n\n<h3>3. MEDIDAS DE SEGURIDAD<\/h3>\n\n<p>Que, de conformidad con lo que establecen las normativas vigentes en protecci\u00f3n de datos personales, el RESPONSABLE est\u00e1 cumpliendo con todas las disposiciones de las normativas GDPR y LOPDGDD para el tratamiento de los datos personales de su responsabilidad, y manifiestamente con los principios descritos en el art\u00edculo 5 del GDPR, por los que se tratan de forma l\u00edcita, leal y transparente en relaci\u00f3n con el interesado y adecuadas, pertinentes y limitadas a lo necesario en relaci\u00f3n con las finalidades para las que se tratan. <br\/><br\/>El RESPONSABLE garantiza que ha implementado pol\u00edticas t\u00e9cnicas y organizativas apropiadas para aplicar las medidas de seguridad establecidas por el GDPR y la LOPDGDD, con el fin de proteger los derechos y libertades de los USUARIOS y les ha comunicado la informaci\u00f3n adecuada para que puedan ejercerlos.<br\/><br\/>Para m\u00e1s informaci\u00f3n sobre las garant\u00edas de privacidad, puedes dirigirte al RESPONSABLE a trav\u00e9s de Giratech Consulting SL. C\/ Muntaner, 6 Derecha &#8211; 17600 Figueres (Girona). E-mail: info@gira.tech<\/p>\n","protected":false},"excerpt":{"rendered":"<p>1. INFORMACI\u00d3N PARA EL USUARIO \u00bfQui\u00e9n es el responsable del tratamiento de tus datos personales?Giratech Consulting SL es el RESPONSABLE del tratamiento de los datos personales del USUARIO y le informa que estos datos se tratar\u00e1n de conformidad con lo establecido en el Reglamento (UE) 2016\/679, de 27 de abril (GDPR), y la Ley Org\u00e1nica&hellip;&nbsp;<a href=\"https:\/\/www.gira.tech\/es\/politica-de-privacidad\/\" class=\"\" rel=\"bookmark\">Leer m\u00e1s &raquo;<span class=\"screen-reader-text\">Pol\u00edtica de privacidad<\/span><\/a><\/p>\n","protected":false},"author":1,"featured_media":0,"parent":0,"menu_order":0,"comment_status":"closed","ping_status":"open","template":"","meta":{"neve_meta_sidebar":"","neve_meta_container":"","neve_meta_enable_content_width":"","neve_meta_content_width":0,"neve_meta_title_alignment":"","neve_meta_author_avatar":"","neve_post_elements_order":"","neve_meta_disable_header":"","neve_meta_disable_footer":"","neve_meta_disable_title":"","_themeisle_gutenberg_block_has_review":false,"_ti_tpc_template_sync":false,"_ti_tpc_template_id":""},"_links":{"self":[{"href":"https:\/\/www.gira.tech\/es\/wp-json\/wp\/v2\/pages\/731"}],"collection":[{"href":"https:\/\/www.gira.tech\/es\/wp-json\/wp\/v2\/pages"}],"about":[{"href":"https:\/\/www.gira.tech\/es\/wp-json\/wp\/v2\/types\/page"}],"author":[{"embeddable":true,"href":"https:\/\/www.gira.tech\/es\/wp-json\/wp\/v2\/users\/1"}],"replies":[{"embeddable":true,"href":"https:\/\/www.gira.tech\/es\/wp-json\/wp\/v2\/comments?post=731"}],"version-history":[{"count":6,"href":"https:\/\/www.gira.tech\/es\/wp-json\/wp\/v2\/pages\/731\/revisions"}],"predecessor-version":[{"id":776,"href":"https:\/\/www.gira.tech\/es\/wp-json\/wp\/v2\/pages\/731\/revisions\/776"}],"wp:attachment":[{"href":"https:\/\/www.gira.tech\/es\/wp-json\/wp\/v2\/media?parent=731"}],"curies":[{"name":"wp","href":"https:\/\/api.w.org\/{rel}","templated":true}]}}