{"id":465,"date":"2022-01-31T10:30:53","date_gmt":"2022-01-31T10:30:53","guid":{"rendered":"https:\/\/www.gira.tech\/presentacion\/"},"modified":"2022-05-20T14:36:41","modified_gmt":"2022-05-20T14:36:41","slug":"presentacion","status":"publish","type":"page","link":"https:\/\/www.gira.tech\/es\/","title":{"rendered":"Presentaci\u00f3n"},"content":{"rendered":"\n<div class=\"wp-block-themeisle-blocks-advanced-columns alignfull has-1-columns has-desktop-equal-layout has-tablet-equal-layout has-mobile-equal-layout has-default-gap has-vertical-unset\" id=\"wp-block-themeisle-blocks-advanced-columns-b8cac1e0\"><div class=\"wp-block-themeisle-blocks-advanced-columns-overlay\"><\/div><div class=\"innerblocks-wrap\">\n<div class=\"wp-block-themeisle-blocks-advanced-column\" id=\"wp-block-themeisle-blocks-advanced-column-abedc041\">\n<span id=\"wp-block-themeisle-blocks-advanced-heading-c804e50b\" class=\"wp-block-themeisle-blocks-advanced-heading wp-block-themeisle-blocks-advanced-heading-c804e50b\"><strong> BIENVENIDOS A Gira.Tech <\/strong><\/span>\n\n\n\n<div style=\"height:20px\" aria-hidden=\"true\" class=\"wp-block-spacer\"><\/div>\n\n\n\n<h1 class=\"has-text-align-center has-nv-text-dark-bg-color has-text-color\"> Queremos ser tu consultora IT de proximidad. <\/h1>\n\n\n\n<div style=\"height:20px\" aria-hidden=\"true\" class=\"wp-block-spacer\"><\/div>\n\n\n\n<div id=\"wp-block-themeisle-blocks-button-group-0dc31828\" class=\"wp-block-themeisle-blocks-button-group wp-block-buttons align-center\"><\/div>\n<\/div>\n<\/div><\/div>\n\n<div class=\"wp-block-themeisle-blocks-advanced-columns alignfull has-1-columns has-desktop-equal-layout has-tablet-equal-layout has-mobile-equal-layout has-default-gap has-vertical-unset\" id=\"wp-block-themeisle-blocks-advanced-columns-3ecef01e\"><div class=\"wp-block-themeisle-blocks-advanced-columns-overlay\"><\/div><div class=\"innerblocks-wrap\">\n<div class=\"wp-block-themeisle-blocks-advanced-column\" id=\"wp-block-themeisle-blocks-advanced-column-2a1cc73c\">\n<span id=\"wp-block-themeisle-blocks-advanced-heading-b0f9dea5\" class=\"wp-block-themeisle-blocks-advanced-heading wp-block-themeisle-blocks-advanced-heading-b0f9dea5\"><strong>\u00bfQU\u00c9 SOMOS?<\/strong><\/span>\n\n\n\n<div style=\"height:20px\" aria-hidden=\"true\" class=\"wp-block-spacer\"><\/div>\n\n\n\n<h2 id=\"wp-block-themeisle-blocks-advanced-heading-8ba74c0a\" class=\"wp-block-themeisle-blocks-advanced-heading wp-block-themeisle-blocks-advanced-heading-8ba74c0a\">Somos consultores funcionales y desarrolladores ERP y de integraci\u00f3n <\/h2>\n\n\n\n<p class=\"has-text-align-center has-neve-text-color-color has-text-color\">Estamos especializados en los principales ERPs del mercado: SAP ERP, SAP Business One, en herramientas de integraci\u00f3n SAP PI\/PO y en cloud (AWS). <\/p>\n\n\n\n<hr class=\"wp-block-separator has-text-color has-background has-neve-text-color-background-color has-neve-text-color-color\"\/>\n<\/div>\n<\/div><\/div>\n\n<div class=\"wp-block-themeisle-blocks-advanced-columns alignfull has-4-columns has-desktop-equal-layout has-tablet-equal-layout has-mobile-collapsedRows-layout has-nogap-gap has-vertical-unset\" id=\"wp-block-themeisle-blocks-advanced-columns-5a0064ef\"><div class=\"wp-block-themeisle-blocks-advanced-columns-overlay\"><\/div><div class=\"innerblocks-wrap\">\n<div class=\"wp-block-themeisle-blocks-advanced-column\" id=\"wp-block-themeisle-blocks-advanced-column-ef9ac70b\">\n<div class=\"wp-block-themeisle-blocks-service\">\n<p class=\"wp-block-themeisle-blocks-font-awesome-icons\" id=\"wp-block-themeisle-blocks-font-awesome-icons-cf662083\"><span class=\"wp-block-themeisle-blocks-font-awesome-icons-container\"><i class=\"fas fa-suitcase\"><\/i><\/span><\/p>\n\n\n\n<h4 id=\"wp-block-themeisle-blocks-advanced-heading-9e93df6c\" class=\"wp-block-themeisle-blocks-advanced-heading wp-block-themeisle-blocks-advanced-heading-9e93df6c\"> Conocimiento<\/h4>\n\n\n\n<p class=\"has-text-align-center\"> M\u00e1s de 20 a\u00f1os de experiencia en diferentes roles del sector IT. Incluyendo desarrollo, ejecuci\u00f3n, gesti\u00f3n y direcci\u00f3n de proyectos y servicios <\/p>\n<\/div>\n<\/div>\n\n\n\n<div class=\"wp-block-themeisle-blocks-advanced-column\" id=\"wp-block-themeisle-blocks-advanced-column-aa4ee1e7\">\n<p class=\"wp-block-themeisle-blocks-font-awesome-icons\" id=\"wp-block-themeisle-blocks-font-awesome-icons-a01d7390\"><span class=\"wp-block-themeisle-blocks-font-awesome-icons-container\"><i class=\"fas fa-rocket\"><\/i><\/span><\/p>\n\n\n\n<h4 id=\"wp-block-themeisle-blocks-advanced-heading-dfb39005\" class=\"wp-block-themeisle-blocks-advanced-heading wp-block-themeisle-blocks-advanced-heading-dfb39005\"> Efectividad<\/h4>\n\n\n\n<p class=\"has-text-align-center\"> Aplicamos las metodolog\u00edas que aplican las grandes consultoras para la ejecuci\u00f3n de proyectos. Documentamos todo lo que hacemos <\/p>\n<\/div>\n\n\n\n<div class=\"wp-block-themeisle-blocks-advanced-column\" id=\"wp-block-themeisle-blocks-advanced-column-6c542091\">\n<p class=\"wp-block-themeisle-blocks-font-awesome-icons\" id=\"wp-block-themeisle-blocks-font-awesome-icons-d3f67439\"><span class=\"wp-block-themeisle-blocks-font-awesome-icons-container\"><i class=\"fas fa-user-circle\"><\/i><\/span><\/p>\n\n\n\n<h4 id=\"wp-block-themeisle-blocks-advanced-heading-0c83c7e7\" class=\"wp-block-themeisle-blocks-advanced-heading wp-block-themeisle-blocks-advanced-heading-0c83c7e7\"> Personal <\/h4>\n\n\n\n<p class=\"has-text-align-center\"> Queremos clientes satisfechos. Seremos muy rigurosos en la selecci\u00f3n del equipo. Pediremos valoraciones peri\u00f3dicas a nuestros clientes para identificar puntos de mejora<\/p>\n<\/div>\n\n\n\n<div class=\"wp-block-themeisle-blocks-advanced-column\" id=\"wp-block-themeisle-blocks-advanced-column-bfff307b\">\n<p class=\"wp-block-themeisle-blocks-font-awesome-icons\" id=\"wp-block-themeisle-blocks-font-awesome-icons-7b27d60c\"><span class=\"wp-block-themeisle-blocks-font-awesome-icons-container\"><i class=\"fas fa-seedling\"><\/i><\/span><\/p>\n\n\n\n<h4 id=\"wp-block-themeisle-blocks-advanced-heading-1ddb4d69\" class=\"wp-block-themeisle-blocks-advanced-heading wp-block-themeisle-blocks-advanced-heading-1ddb4d69\"> Sostenibilidad<\/h4>\n\n\n\n<p class=\"has-text-align-center\"> Compensaremos todos los KMs que recorremos para ir a la oficina o a visitar a nuestros clientes plantando \u00e1rboles<\/p>\n<\/div>\n<\/div><\/div>\n\n<div class=\"wp-block-themeisle-blocks-advanced-columns alignfull has-2-columns has-desktop-equal-layout has-tablet-equal-layout has-mobile-collapsedRows-layout has-nogap-gap has-vertical-unset\" id=\"wp-block-themeisle-blocks-advanced-columns-e1e80b8b\"><div class=\"wp-block-themeisle-blocks-advanced-columns-overlay\"><\/div><div class=\"innerblocks-wrap\">\n<div class=\"wp-block-themeisle-blocks-advanced-column\" id=\"wp-block-themeisle-blocks-advanced-column-9a8b936f\">\n<h2 id=\"wp-block-themeisle-blocks-advanced-heading-b64eb0d9\" class=\"wp-block-themeisle-blocks-advanced-heading wp-block-themeisle-blocks-advanced-heading-b64eb0d9\">Queremos aportar valor a tu empresa desde la proximidad<\/h2>\n\n\n\n<p>Queremos escuchar, comprender, proponer y decidir junto a nuestros clientes. Creemos en el teletrabajo, pero tambi\u00e9n sabemos que peri\u00f3dicamente necesitamos encontrarnos. Queremos ser eficientes en tiempo y costes y por eso nos orientamos a dar servicio principalmente a clientes de la zona de Girona. <\/p>\n\n\n\n<div style=\"height:20px\" aria-hidden=\"true\" class=\"wp-block-spacer\"><\/div>\n\n\n\n<div id=\"wp-block-themeisle-blocks-button-group-7c678d18\" class=\"wp-block-themeisle-blocks-button-group wp-block-buttons align-left\">\n<div id=\"wp-block-themeisle-blocks-button-69a333b5\" class=\"wp-block-themeisle-blocks-button wp-block-button\"><a href=\"https:\/\/www.gira.tech\/es\/sobre-nosotros\/\" target=\"_self\" rel=\"noopener noreferrer\" class=\"wp-block-button__link\"><span>M\u00e1s informaci\u00f3n<\/span><\/a><\/div>\n<\/div>\n<\/div>\n\n\n\n<div class=\"wp-block-themeisle-blocks-advanced-column\" id=\"wp-block-themeisle-blocks-advanced-column-cd5cc1d0\">\n<div style=\"height:450px\" aria-hidden=\"true\" class=\"wp-block-spacer\"><\/div>\n<\/div>\n<\/div><\/div>\n\n<div class=\"wp-block-themeisle-blocks-advanced-columns alignfull has-4-columns has-desktop-equal-layout has-tablet-equal-layout has-mobile-collapsedRows-layout has-default-gap has-vertical-unset\" id=\"wp-block-themeisle-blocks-advanced-columns-6a1ad2d0\"><div class=\"wp-block-themeisle-blocks-advanced-columns-overlay\"><\/div><div class=\"innerblocks-wrap\">\n<div class=\"wp-block-themeisle-blocks-advanced-column\" id=\"wp-block-themeisle-blocks-advanced-column-894279dd\">\n<h1 id=\"wp-block-themeisle-blocks-advanced-heading-2433c0ba\" class=\"wp-block-themeisle-blocks-advanced-heading wp-block-themeisle-blocks-advanced-heading-2433c0ba\">  2022  <\/h1>\n\n\n\n<h4 id=\"wp-block-themeisle-blocks-advanced-heading-b8d12ad7\" class=\"wp-block-themeisle-blocks-advanced-heading wp-block-themeisle-blocks-advanced-heading-b8d12ad7\"> <strong>INICIO DE ACTIVIDAD<\/strong> <\/h4>\n<\/div>\n\n\n\n<div class=\"wp-block-themeisle-blocks-advanced-column\" id=\"wp-block-themeisle-blocks-advanced-column-74f7588b\">\n<h1 id=\"wp-block-themeisle-blocks-advanced-heading-391a4430\" class=\"wp-block-themeisle-blocks-advanced-heading wp-block-themeisle-blocks-advanced-heading-391a4430\">2<\/h1>\n\n\n\n<h4 id=\"wp-block-themeisle-blocks-advanced-heading-cc6e637e\" class=\"wp-block-themeisle-blocks-advanced-heading wp-block-themeisle-blocks-advanced-heading-cc6e637e\"><strong> CERTIFICACIONES <\/strong><\/h4>\n<\/div>\n\n\n\n<div class=\"wp-block-themeisle-blocks-advanced-column\" id=\"wp-block-themeisle-blocks-advanced-column-7f380b3c\">\n<h1 id=\"wp-block-themeisle-blocks-advanced-heading-0321ceab\" class=\"wp-block-themeisle-blocks-advanced-heading wp-block-themeisle-blocks-advanced-heading-0321ceab\">21<\/h1>\n\n\n\n<h4 id=\"wp-block-themeisle-blocks-advanced-heading-fe6a2428\" class=\"wp-block-themeisle-blocks-advanced-heading wp-block-themeisle-blocks-advanced-heading-fe6a2428\"> <strong>A\u00d1OS DE EXPERIENCIA <\/strong><\/h4>\n<\/div>\n\n\n\n<div class=\"wp-block-themeisle-blocks-advanced-column\" id=\"wp-block-themeisle-blocks-advanced-column-96b91098\">\n<h1 id=\"wp-block-themeisle-blocks-advanced-heading-5fd6ad82\" class=\"wp-block-themeisle-blocks-advanced-heading wp-block-themeisle-blocks-advanced-heading-5fd6ad82\">12<\/h1>\n\n\n\n<h4 id=\"wp-block-themeisle-blocks-advanced-heading-3f8b33e6\" class=\"wp-block-themeisle-blocks-advanced-heading wp-block-themeisle-blocks-advanced-heading-3f8b33e6\"> <strong>\u00c1RBOLES PLANTADOS<\/strong><\/h4>\n<\/div>\n<\/div><\/div>\n\n<div class=\"wp-block-themeisle-blocks-advanced-columns alignfull has-2-columns has-desktop-equal-layout has-tablet-equal-layout has-mobile-collapsedRows-layout has-nogap-gap has-vertical-unset\" id=\"wp-block-themeisle-blocks-advanced-columns-bf04c9d1\"><div class=\"wp-block-themeisle-blocks-advanced-columns-overlay\"><\/div><div class=\"innerblocks-wrap\">\n<div class=\"wp-block-themeisle-blocks-advanced-column\" id=\"wp-block-themeisle-blocks-advanced-column-5255ab44\"><\/div>\n\n\n\n<div class=\"wp-block-themeisle-blocks-advanced-column\" id=\"wp-block-themeisle-blocks-advanced-column-1e58fdfa\">\n<div style=\"height:80px\" aria-hidden=\"true\" class=\"wp-block-spacer\"><\/div>\n\n\n\n<span id=\"wp-block-themeisle-blocks-advanced-heading-394edf85\" class=\"wp-block-themeisle-blocks-advanced-heading wp-block-themeisle-blocks-advanced-heading-394edf85\"><strong><strong>\u00bfQU\u00c9 HACEMOS?<\/strong><\/strong><\/span>\n\n\n\n<h2 id=\"wp-block-themeisle-blocks-advanced-heading-009d2516\" class=\"wp-block-themeisle-blocks-advanced-heading wp-block-themeisle-blocks-advanced-heading-009d2516\">Resumen de servicios <\/h2>\n\n\n\n<p>Implantaci\u00f3n de m\u00f3dulos, adaptaciones, resoluci\u00f3n de incidencias, gesti\u00f3n de proyectos, control de calidad, asesoramiento en elecci\u00f3n del producto o consultora adecuada para grandes proyectos o implantaciones.<\/p>\n\n\n\n<p>Por el momento contamos con un equipo muy reducido, pero podemos participar en grandes proyectos en colaboraci\u00f3n con otros profesionales y empresas<\/p>\n<\/div>\n<\/div><\/div>\n\n<div class=\"wp-block-group alignfull\"><div class=\"wp-block-group__inner-container\">\n<div class=\"wp-block-themeisle-blocks-advanced-columns alignfull has-2-columns has-desktop-equal-layout has-tablet-equal-layout has-mobile-collapsedRows-layout has-nogap-gap has-vertical-unset\" id=\"wp-block-themeisle-blocks-advanced-columns-a7a0076b\"><div class=\"wp-block-themeisle-blocks-advanced-columns-overlay\"><\/div><div class=\"innerblocks-wrap\">\n<div class=\"wp-block-themeisle-blocks-advanced-column\" id=\"wp-block-themeisle-blocks-advanced-column-57232a91\">\n<div style=\"height:20px\" aria-hidden=\"true\" class=\"wp-block-spacer\"><\/div>\n\n\n\n<h2 id=\"wp-block-themeisle-blocks-advanced-heading-7a54d8f7\" class=\"wp-block-themeisle-blocks-advanced-heading wp-block-themeisle-blocks-advanced-heading-7a54d8f7\">Cont\u00e1ctanos <\/h2>\n\n\n\n<p>Estamos trabajando desde Figueres. Nos puede contactar por email a <a href=\"mailto:info@gira.tech\" data-type=\"mailto\" data-id=\"mailto:info@gira.tech\">info@gira.tech<\/a> , por tel\u00e9fono 972 966 072 o por LinkedIn ( <a href=\"http:\/\/linkedin.com\/company\/gira-tech\" data-type=\"URL\">Gira.Tech<\/a> ). <\/p>\n\n\n\n<hr class=\"wp-block-separator has-text-color has-background has-nv-light-bg-background-color has-nv-light-bg-color is-style-wide\"\/>\n\n\n\n<div id=\"wp-block-themeisle-blocks-button-group-83f8eb08\" class=\"wp-block-themeisle-blocks-button-group wp-block-buttons\">\n<div id=\"wp-block-themeisle-blocks-button-8fb1cfb0\" class=\"wp-block-themeisle-blocks-button wp-block-button\"><a href=\"\" target=\"_blank\" rel=\"noopener noreferrer\" class=\"wp-block-button__link\"><i class=\"fab fa-fw fa-facebook-f\"><\/i><\/a><\/div>\n\n\n\n<div id=\"wp-block-themeisle-blocks-button-98f2b3c1\" class=\"wp-block-themeisle-blocks-button wp-block-button\"><a href=\"\" target=\"_blank\" rel=\"noopener noreferrer\" class=\"wp-block-button__link\"><i class=\"fab fa-fw fa-twitter\"><\/i><\/a><\/div>\n\n\n\n<div id=\"wp-block-themeisle-blocks-button-709bb919\" class=\"wp-block-themeisle-blocks-button wp-block-button\"><a href=\"\" target=\"_blank\" rel=\"noopener noreferrer\" class=\"wp-block-button__link\"><i class=\"fab fa-fw fa-google-plus\"><\/i><\/a><\/div>\n\n\n\n<div id=\"wp-block-themeisle-blocks-button-c20f5c7b\" class=\"wp-block-themeisle-blocks-button wp-block-button\"><a href=\"\" target=\"_blank\" rel=\"noopener noreferrer\" class=\"wp-block-button__link\"><i class=\"fab fa-fw fa-pinterest\"><\/i><\/a><\/div>\n\n\n\n<div id=\"wp-block-themeisle-blocks-button-ff0359bf\" class=\"wp-block-themeisle-blocks-button wp-block-button\"><a href=\"\" target=\"_blank\" rel=\"noopener noreferrer\" class=\"wp-block-button__link\"><i class=\"fab fa-fw fa-instagram\"><\/i><\/a><\/div>\n<\/div>\n\n\n\n<hr class=\"wp-block-separator has-text-color has-background has-nv-light-bg-background-color has-nv-light-bg-color is-style-wide\"\/>\n\n\n\n<div id=\"wp-block-themeisle-blocks-button-group-8d2ec1c2\" class=\"wp-block-themeisle-blocks-button-group wp-block-buttons\">\n<div id=\"wp-block-themeisle-blocks-button-e83d76ab\" class=\"wp-block-themeisle-blocks-button wp-block-button\"><a href=\"\" target=\"_self\" rel=\"noopener noreferrer\" class=\"wp-block-button__link\"><i class=\"fas fa-fw fa-map-marker-alt margin-right\"><\/i><span>Figueres, Girona<\/span><\/a><\/div>\n<\/div>\n<\/div>\n\n\n\n<div class=\"wp-block-themeisle-blocks-advanced-column\" id=\"wp-block-themeisle-blocks-advanced-column-d172157e\"><\/div>\n<\/div><\/div>\n<\/div><\/div>\n\n<div class=\"wp-block-themeisle-blocks-advanced-columns alignfull has-2-columns has-desktop-equal-layout has-tablet-equal-layout has-mobile-collapsedRows-layout has-default-gap has-vertical-center\" id=\"wp-block-themeisle-blocks-advanced-columns-3c413b84\"><div class=\"wp-block-themeisle-blocks-advanced-columns-overlay\"><\/div><div class=\"innerblocks-wrap\">\n<div class=\"wp-block-themeisle-blocks-advanced-column\" id=\"wp-block-themeisle-blocks-advanced-column-984a27ca\">\n<h2 id=\"wp-block-themeisle-blocks-advanced-heading-afb0b709\" class=\"wp-block-themeisle-blocks-advanced-heading wp-block-themeisle-blocks-advanced-heading-afb0b709\">\u00bfCrees que podemos colaborar? <\/h2>\n\n\n\n<p class=\"has-nv-text-dark-bg-color has-text-color\" style=\"font-size:21px\"> Escribenos un email o llamanos y salimos de dudas. Nos podeis contactar por email a <a href=\"mailto:info@gira.tech\" data-type=\"mailto\" data-id=\"mailto:info@gira.tech\">info@gira.tech<\/a> o por telefono 972 966 072, o en LinkedIn (<a href=\"http:\/\/linkedin.com\/company\/gira-techch\" data-type=\"URL\" data-id=\"linkedin.com\/company\/gira-techch\">Gira.Tech<\/a>). <\/p>\n<\/div>\n\n\n\n<div class=\"wp-block-themeisle-blocks-advanced-column\" id=\"wp-block-themeisle-blocks-advanced-column-5445e257\">\n<div id=\"wp-block-themeisle-blocks-button-group-8f4041ad\" class=\"wp-block-themeisle-blocks-button-group wp-block-buttons contact__btn ticss-69e8c2a6\">\n<div id=\"wp-block-themeisle-blocks-button-6a531a90\" class=\"wp-block-themeisle-blocks-button wp-block-button is-style-fill\"><a href=\"https:\/\/www.gira.tech\/es\/contactanos\/\" target=\"_self\" rel=\"noopener noreferrer\" class=\"wp-block-button__link\"><span>Contactanos<\/span><\/a><\/div>\n<\/div>\n<\/div>\n<\/div><\/div>\n\n<p><\/p>\n","protected":false},"excerpt":{"rendered":"","protected":false},"author":1,"featured_media":0,"parent":0,"menu_order":0,"comment_status":"closed","ping_status":"closed","template":"page-templates\/template-pagebuilder-full-width.php","meta":{"neve_meta_sidebar":"full-width","neve_meta_container":"","neve_meta_enable_content_width":"on","neve_meta_content_width":100,"neve_meta_title_alignment":"","neve_meta_author_avatar":"","neve_post_elements_order":"","neve_meta_disable_header":"","neve_meta_disable_footer":"","neve_meta_disable_title":"on","_themeisle_gutenberg_block_has_review":false,"_ti_tpc_template_sync":false,"_ti_tpc_template_id":""},"_links":{"self":[{"href":"https:\/\/www.gira.tech\/es\/wp-json\/wp\/v2\/pages\/465"}],"collection":[{"href":"https:\/\/www.gira.tech\/es\/wp-json\/wp\/v2\/pages"}],"about":[{"href":"https:\/\/www.gira.tech\/es\/wp-json\/wp\/v2\/types\/page"}],"author":[{"embeddable":true,"href":"https:\/\/www.gira.tech\/es\/wp-json\/wp\/v2\/users\/1"}],"replies":[{"embeddable":true,"href":"https:\/\/www.gira.tech\/es\/wp-json\/wp\/v2\/comments?post=465"}],"version-history":[{"count":25,"href":"https:\/\/www.gira.tech\/es\/wp-json\/wp\/v2\/pages\/465\/revisions"}],"predecessor-version":[{"id":807,"href":"https:\/\/www.gira.tech\/es\/wp-json\/wp\/v2\/pages\/465\/revisions\/807"}],"wp:attachment":[{"href":"https:\/\/www.gira.tech\/es\/wp-json\/wp\/v2\/media?parent=465"}],"curies":[{"name":"wp","href":"https:\/\/api.w.org\/{rel}","templated":true}]}}